{"id":7748,"date":"2022-12-15T14:02:12","date_gmt":"2022-12-15T14:02:12","guid":{"rendered":"https:\/\/dev.kaelte-beratung.de\/fachmedien-onlineportale"},"modified":"2023-11-06T13:46:21","modified_gmt":"2023-11-06T13:46:21","slug":"media-and-portals","status":"publish","type":"page","link":"https:\/\/www.kaelte-beratung.de\/en\/media-and-portals","title":{"rendered":"Media and portals"},"content":{"rendered":"\t\t<div data-elementor-type=\"wp-page\" data-elementor-id=\"7748\" class=\"elementor elementor-7748 elementor-6693\">\n\t\t\t\t\t\t<section class=\"elementor-section elementor-top-section elementor-element elementor-element-49522a2 elementor-section-boxed elementor-section-height-default elementor-section-height-default qodef-elementor-content-no\" data-id=\"49522a2\" data-element_type=\"section\" data-e-type=\"section\">\n\t\t\t\t\t\t<div class=\"elementor-container elementor-column-gap-default\">\n\t\t\t\t\t<div class=\"elementor-column elementor-col-100 elementor-top-column elementor-element elementor-element-742732a\" data-id=\"742732a\" data-element_type=\"column\" data-e-type=\"column\">\n\t\t\t<div class=\"elementor-widget-wrap elementor-element-populated\">\n\t\t\t\t\t\t<div class=\"elementor-element elementor-element-3f4bffd elementor-widget elementor-widget-text-editor\" data-id=\"3f4bffd\" data-element_type=\"widget\" data-e-type=\"widget\" data-widget_type=\"text-editor.default\">\n\t\t\t\t<div class=\"elementor-widget-container\">\n\t\t\t\t\t\t\t\t\t<h1><span style=\"color: #232c79;\">Links to specialized media and portals<\/span><\/h1><h2><span style=\"color: #232c79;\">KB K\u00e4lteBeratung informs<\/span><\/h2><p>Specialized journals, specialized media, and industry portals.<\/p>\t\t\t\t\t\t\t\t<\/div>\n\t\t\t\t<\/div>\n\t\t\t\t<div class=\"elementor-element elementor-element-2b4801b elementor-widget elementor-widget-text-editor\" data-id=\"2b4801b\" data-element_type=\"widget\" data-e-type=\"widget\" data-widget_type=\"text-editor.default\">\n\t\t\t\t<div class=\"elementor-widget-container\">\n\t\t\t\t\t\t\t\t\t<h3>Die K\u00e4lte + Klimatechnik &#8211; Fachzeitschrift<\/h3><p>Specialized journal for refrigeration, air conditioning, cooling, and deep freezing: <a href=\"http:\/\/www.diekaelte.de\/\">http:\/\/www.diekaelte.de\/<\/a><\/p>\t\t\t\t\t\t\t\t<\/div>\n\t\t\t\t<\/div>\n\t\t\t\t<div class=\"elementor-element elementor-element-097d9f6 elementor-widget elementor-widget-text-editor\" data-id=\"097d9f6\" data-element_type=\"widget\" data-e-type=\"widget\" data-widget_type=\"text-editor.default\">\n\t\t\t\t<div class=\"elementor-widget-container\">\n\t\t\t\t\t\t\t\t\t<h3>K\u00e4lte Klima Aktuell<\/h3>\n<a href=\"http:\/\/www.kka-online.info\">http:\/\/www.kka-online.info<\/a>\t\t\t\t\t\t\t\t<\/div>\n\t\t\t\t<\/div>\n\t\t\t\t<div class=\"elementor-element elementor-element-3169413 elementor-widget elementor-widget-text-editor\" data-id=\"3169413\" data-element_type=\"widget\" data-e-type=\"widget\" data-widget_type=\"text-editor.default\">\n\t\t\t\t<div class=\"elementor-widget-container\">\n\t\t\t\t\t\t\t\t\t<h3>KI K\u00e4lte Luft Klimatechnik<\/h3><p>The bridge between science and practice: \u00a0<a href=\"http:\/\/www.ki-portal.de\" target=\"_blank\" rel=\"noopener\">http:\/\/www.ki-portal.de<\/a><\/p>\t\t\t\t\t\t\t\t<\/div>\n\t\t\t\t<\/div>\n\t\t\t\t<div class=\"elementor-element elementor-element-7be912b elementor-widget elementor-widget-text-editor\" data-id=\"7be912b\" data-element_type=\"widget\" data-e-type=\"widget\" data-widget_type=\"text-editor.default\">\n\t\t\t\t<div class=\"elementor-widget-container\">\n\t\t\t\t\t\t\t\t\t<h3>TGA Fachplaner<\/h3><p>The Magazine for Technical Building Equipment: <a href=\"http:\/\/www.tga-fachplaner.de\" target=\"_blank\" rel=\"noopener\">http:\/\/www.tga-fachplaner.de<\/a><\/p>\t\t\t\t\t\t\t\t<\/div>\n\t\t\t\t<\/div>\n\t\t\t\t\t<\/div>\n\t\t<\/div>\n\t\t\t\t\t<\/div>\n\t\t<\/section>\n\t\t\t\t<section class=\"elementor-section elementor-top-section elementor-element elementor-element-919985c qodef-elementor-content-grid elementor-section-boxed elementor-section-height-default elementor-section-height-default\" data-id=\"919985c\" data-element_type=\"section\" data-e-type=\"section\" data-settings=\"{&quot;background_background&quot;:&quot;classic&quot;}\">\n\t\t\t\t\t\t<div class=\"elementor-container elementor-column-gap-default\">\n\t\t\t\t\t<div class=\"elementor-column elementor-col-50 elementor-top-column elementor-element elementor-element-d1acc47\" data-id=\"d1acc47\" data-element_type=\"column\" data-e-type=\"column\" data-settings=\"{&quot;background_background&quot;:&quot;classic&quot;}\">\n\t\t\t<div class=\"elementor-widget-wrap elementor-element-populated\">\n\t\t\t\t\t\t<section class=\"elementor-section elementor-inner-section elementor-element elementor-element-6ad791d elementor-section-boxed elementor-section-height-default elementor-section-height-default qodef-elementor-content-no\" data-id=\"6ad791d\" data-element_type=\"section\" data-e-type=\"section\">\n\t\t\t\t\t\t<div class=\"elementor-container elementor-column-gap-default\">\n\t\t\t\t\t<div class=\"elementor-column elementor-col-100 elementor-inner-column elementor-element elementor-element-152409d\" data-id=\"152409d\" data-element_type=\"column\" data-e-type=\"column\">\n\t\t\t<div class=\"elementor-widget-wrap elementor-element-populated\">\n\t\t\t\t\t\t<div class=\"elementor-element elementor-element-a588334 elementor-widget elementor-widget-stal_core_section_title\" data-id=\"a588334\" data-element_type=\"widget\" data-e-type=\"widget\" data-widget_type=\"stal_core_section_title.default\">\n\t\t\t\t<div class=\"elementor-widget-container\">\n\t\t\t\t\t<div class=\"qodef-shortcode qodef-m qodef-section-title qodef-alignment--left\">\n\t\t<div class=\"qodef-m-title-wrap\">\n\t\t<h3 class=\"qodef-m-title\" >\n\t\t\t\t\tDer direkte Draht zur KB K\u00e4lteBeratung\t\t\t<\/h3>\n\t\n\t<\/div>\n\t\t<p class=\"qodef-m-text\" >Falls Sie Fragen haben, Informationen ben\u00f6tigen oder ein pers\u00f6nliches Gespr\u00e4ch w\u00fcnschen, nehmen Sie Kontakt mit uns auf. Gerne unterst\u00fctzen wir Sie bei Ihrem Projekt.<\/p>\n<\/div>\t\t\t\t<\/div>\n\t\t\t\t<\/div>\n\t\t\t\t<div class=\"elementor-element elementor-element-47124c8 elementor-widget elementor-widget-spacer\" data-id=\"47124c8\" data-element_type=\"widget\" data-e-type=\"widget\" data-widget_type=\"spacer.default\">\n\t\t\t\t<div class=\"elementor-widget-container\">\n\t\t\t\t\t\t\t<div class=\"elementor-spacer\">\n\t\t\t<div class=\"elementor-spacer-inner\"><\/div>\n\t\t<\/div>\n\t\t\t\t\t\t<\/div>\n\t\t\t\t<\/div>\n\t\t\t\t<div class=\"elementor-element elementor-element-2295866 elementor-widget elementor-widget-text-editor\" data-id=\"2295866\" data-element_type=\"widget\" data-e-type=\"widget\" data-widget_type=\"text-editor.default\">\n\t\t\t\t<div class=\"elementor-widget-container\">\n\t\t\t\t\t\t\t\t\t<h5 style=\"margin: 3px 0;\"><strong>KB &#8211; K\u00e4lteberatung GMBH<\/strong><\/h5>\t\t\t\t\t\t\t\t<\/div>\n\t\t\t\t<\/div>\n\t\t\t\t<div class=\"elementor-element elementor-element-6120cbf elementor-widget elementor-widget-stal_core_icon_list_item\" data-id=\"6120cbf\" data-element_type=\"widget\" data-e-type=\"widget\" data-widget_type=\"stal_core_icon_list_item.default\">\n\t\t\t\t<div class=\"elementor-widget-container\">\n\t\t\t\t\t<div class=\"qodef-icon-list-item qodef-icon--icon-pack qodef-alignment--top\" >\n\t<p class=\"qodef-e-title\" style=\"line-height: 1.625em\">\n\t\t\t\t\t<a itemprop=\"url\" href=\"https:\/\/goo.gl\/maps\/onJ5UJVhhiw8ZxxC7\" target=\"_blank\">\n\t\t\t\t\t<span class=\"qodef-e-title-inner\">\n\t\t\t\t<span class=\"qodef-shortcode qodef-m qodef-icon-holder qodef-size--default qodef-layout--square\"  style=\"width: 26px;height: 26px;line-height: 26px\">\t        <span class=\"qodef-icon-ionicons ion-ios-add qodef-icon qodef-e\" style=\"\" ><\/span>    <\/span>\t\t\t\t<span class=\"qodef-e-title-text\" style=\"top: -5px;position: relative\">In den Sieben Morgen 1a \/  56077 Koblenz <\/span>\n\t\t\t<\/span>\n\t\t\t\t\t<\/a>\n\t\t\t<\/p>\n<\/div>\t\t\t\t<\/div>\n\t\t\t\t<\/div>\n\t\t\t\t<div class=\"elementor-element elementor-element-025516b elementor-widget elementor-widget-text-editor\" data-id=\"025516b\" data-element_type=\"widget\" data-e-type=\"widget\" data-widget_type=\"text-editor.default\">\n\t\t\t\t<div class=\"elementor-widget-container\">\n\t\t\t\t\t\t\t\t\t<div class=\"page-get-contact\">\n<ul>\n \t<li><i class=\"fa fa-envelope\"><\/i><a href=\"mailto:info@kaelte-beratung.de\"> info@kaelte-beratung.de<\/a><\/li>\n\n<div class=\"page-get-contact\">\n<ul>\n \t<li><i class=\"fa fa-phone\"><\/I> +49 (0) 261 \/ 988 223 0<\/li>\n \t<li><i class=\"fa fa-fax\"><\/I> +49 (0) 261 \/ 988 223 23<\/li>\n<\/ul>\n<\/div>\t\t\t\t\t\t\t\t<\/div>\n\t\t\t\t<\/div>\n\t\t\t\t\t<\/div>\n\t\t<\/div>\n\t\t\t\t\t<\/div>\n\t\t<\/section>\n\t\t\t\t\t<\/div>\n\t\t<\/div>\n\t\t\t\t<div class=\"elementor-column elementor-col-50 elementor-top-column elementor-element elementor-element-5609cbf\" data-id=\"5609cbf\" data-element_type=\"column\" data-e-type=\"column\" data-settings=\"{&quot;background_background&quot;:&quot;classic&quot;}\">\n\t\t\t<div class=\"elementor-widget-wrap elementor-element-populated\">\n\t\t\t\t\t\t<div class=\"elementor-element elementor-element-c9e08fb elementor-widget elementor-widget-spacer\" data-id=\"c9e08fb\" data-element_type=\"widget\" data-e-type=\"widget\" data-widget_type=\"spacer.default\">\n\t\t\t\t<div class=\"elementor-widget-container\">\n\t\t\t\t\t\t\t<div class=\"elementor-spacer\">\n\t\t\t<div class=\"elementor-spacer-inner\"><\/div>\n\t\t<\/div>\n\t\t\t\t\t\t<\/div>\n\t\t\t\t<\/div>\n\t\t\t\t\t<\/div>\n\t\t<\/div>\n\t\t\t\t\t<\/div>\n\t\t<\/section>\n\t\t\t\t<\/div>\n\t\t","protected":false},"excerpt":{"rendered":"<p>Links to specialized media and portals KB K\u00e4lteBeratung informs Specialized journals, specialized media, and industry portals. Die K\u00e4lte + Klimatechnik &#8211; Fachzeitschrift Specialized journal for refrigeration, air conditioning, cooling, and deep freezing: http:\/\/www.diekaelte.de\/ K\u00e4lte Klima Aktuell http:\/\/www.kka-online.info KI K\u00e4lte Luft Klimatechnik The bridge between science and practice: \u00a0http:\/\/www.ki-portal.de TGA Fachplaner The Magazine for Technical Building [&hellip;]<\/p>\n","protected":false},"author":1,"featured_media":7329,"parent":0,"menu_order":0,"comment_status":"closed","ping_status":"closed","template":"page-full-width.php","meta":{"footnotes":""},"class_list":["post-7748","page","type-page","status-publish","has-post-thumbnail","hentry"],"yoast_head":"<!-- This site is optimized with the Yoast SEO plugin v27.5 - https:\/\/yoast.com\/product\/yoast-seo-wordpress\/ -->\n<title>Media and portals - KB Kaelteberatung<\/title>\n<meta name=\"description\" content=\"Hier finden Sie die Links zu den wichtigsten Branchenportalen, Fachmedien und Fachzeitschriften - damit Sie immer auf dem Laufenden sind!\" \/>\n<meta name=\"robots\" content=\"index, follow, max-snippet:-1, max-image-preview:large, max-video-preview:-1\" \/>\n<link rel=\"canonical\" href=\"https:\/\/www.kaelte-beratung.de\/en\/media-and-portals\" \/>\n<meta property=\"og:locale\" content=\"en_US\" \/>\n<meta property=\"og:type\" content=\"article\" \/>\n<meta property=\"og:title\" content=\"Fachmedien &amp; Onlineportale \/ KB K\u00e4lteberatung\" \/>\n<meta property=\"og:description\" content=\"Hier finden Sie die Links zu den wichtigsten Branchenportalen, Fachmedien und Fachzeitschriften - damit Sie immer auf dem Laufenden sind!\" \/>\n<meta property=\"og:url\" content=\"https:\/\/www.kaelte-beratung.de\/en\/media-and-portals\" \/>\n<meta property=\"og:site_name\" content=\"KB Kaelteberatung\" \/>\n<meta property=\"article:modified_time\" content=\"2023-11-06T13:46:21+00:00\" \/>\n<meta property=\"og:image\" content=\"https:\/\/www.kaelte-beratung.de\/wp-content\/uploads\/2022\/12\/kb-slider-organe-2.jpg\" \/>\n\t<meta property=\"og:image:width\" content=\"1920\" \/>\n\t<meta property=\"og:image:height\" content=\"1100\" \/>\n\t<meta property=\"og:image:type\" content=\"image\/jpeg\" \/>\n<meta name=\"twitter:card\" content=\"summary_large_image\" \/>\n<meta name=\"twitter:title\" content=\"Fachmedien &amp; Onlineportale \/ KB K\u00e4lteberatung\" \/>\n<meta name=\"twitter:description\" content=\"Hier finden Sie die Links zu den wichtigsten Branchenportalen, Fachmedien und Fachzeitschriften - damit Sie immer auf dem Laufenden sind!\" \/>\n<meta name=\"twitter:image\" content=\"https:\/\/www.kaelte-beratung.de\/wp-content\/uploads\/2022\/12\/kb-slider-organe-2.jpg\" \/>\n<meta name=\"twitter:label1\" content=\"Est. reading time\" \/>\n\t<meta name=\"twitter:data1\" content=\"1 minute\" \/>\n<script type=\"application\/ld+json\" class=\"yoast-schema-graph\">{\"@context\":\"https:\\\/\\\/schema.org\",\"@graph\":[{\"@type\":\"WebPage\",\"@id\":\"https:\\\/\\\/www.kaelte-beratung.de\\\/en\\\/media-and-portals\",\"url\":\"https:\\\/\\\/www.kaelte-beratung.de\\\/en\\\/media-and-portals\",\"name\":\"Media and portals - KB Kaelteberatung\",\"isPartOf\":{\"@id\":\"https:\\\/\\\/www.kaelte-beratung.de\\\/en#website\"},\"primaryImageOfPage\":{\"@id\":\"https:\\\/\\\/www.kaelte-beratung.de\\\/en\\\/media-and-portals#primaryimage\"},\"image\":{\"@id\":\"https:\\\/\\\/www.kaelte-beratung.de\\\/en\\\/media-and-portals#primaryimage\"},\"thumbnailUrl\":\"https:\\\/\\\/www.kaelte-beratung.de\\\/wp-content\\\/uploads\\\/2022\\\/12\\\/kb-slider-fachmedien.jpg\",\"datePublished\":\"2022-12-15T14:02:12+00:00\",\"dateModified\":\"2023-11-06T13:46:21+00:00\",\"description\":\"Hier finden Sie die Links zu den wichtigsten Branchenportalen, Fachmedien und Fachzeitschriften - damit Sie immer auf dem Laufenden sind!\",\"breadcrumb\":{\"@id\":\"https:\\\/\\\/www.kaelte-beratung.de\\\/en\\\/media-and-portals#breadcrumb\"},\"inLanguage\":\"en-US\",\"potentialAction\":[{\"@type\":\"ReadAction\",\"target\":[\"https:\\\/\\\/www.kaelte-beratung.de\\\/en\\\/media-and-portals\"]}]},{\"@type\":\"ImageObject\",\"inLanguage\":\"en-US\",\"@id\":\"https:\\\/\\\/www.kaelte-beratung.de\\\/en\\\/media-and-portals#primaryimage\",\"url\":\"https:\\\/\\\/www.kaelte-beratung.de\\\/wp-content\\\/uploads\\\/2022\\\/12\\\/kb-slider-fachmedien.jpg\",\"contentUrl\":\"https:\\\/\\\/www.kaelte-beratung.de\\\/wp-content\\\/uploads\\\/2022\\\/12\\\/kb-slider-fachmedien.jpg\",\"width\":1920,\"height\":1100,\"caption\":\"KB - K\u00e4lteberatung\"},{\"@type\":\"BreadcrumbList\",\"@id\":\"https:\\\/\\\/www.kaelte-beratung.de\\\/en\\\/media-and-portals#breadcrumb\",\"itemListElement\":[{\"@type\":\"ListItem\",\"position\":1,\"name\":\"Startseite\",\"item\":\"https:\\\/\\\/www.kaelte-beratung.de\\\/en\"},{\"@type\":\"ListItem\",\"position\":2,\"name\":\"Media and portals\"}]},{\"@type\":\"WebSite\",\"@id\":\"https:\\\/\\\/www.kaelte-beratung.de\\\/en#website\",\"url\":\"https:\\\/\\\/www.kaelte-beratung.de\\\/en\",\"name\":\"KB Kaelteberatung\",\"description\":\"nachhaltig planen\",\"publisher\":{\"@id\":\"https:\\\/\\\/www.kaelte-beratung.de\\\/en#organization\"},\"potentialAction\":[{\"@type\":\"SearchAction\",\"target\":{\"@type\":\"EntryPoint\",\"urlTemplate\":\"https:\\\/\\\/www.kaelte-beratung.de\\\/en?s={search_term_string}\"},\"query-input\":{\"@type\":\"PropertyValueSpecification\",\"valueRequired\":true,\"valueName\":\"search_term_string\"}}],\"inLanguage\":\"en-US\"},{\"@type\":\"Organization\",\"@id\":\"https:\\\/\\\/www.kaelte-beratung.de\\\/en#organization\",\"name\":\"KB Kaelteberatung\",\"url\":\"https:\\\/\\\/www.kaelte-beratung.de\\\/en\",\"logo\":{\"@type\":\"ImageObject\",\"inLanguage\":\"en-US\",\"@id\":\"https:\\\/\\\/www.kaelte-beratung.de\\\/en#\\\/schema\\\/logo\\\/image\\\/\",\"url\":\"https:\\\/\\\/www.kaelte-beratung.de\\\/wp-content\\\/uploads\\\/2022\\\/08\\\/cropped-kb-logo.png\",\"contentUrl\":\"https:\\\/\\\/www.kaelte-beratung.de\\\/wp-content\\\/uploads\\\/2022\\\/08\\\/cropped-kb-logo.png\",\"width\":1464,\"height\":512,\"caption\":\"KB Kaelteberatung\"},\"image\":{\"@id\":\"https:\\\/\\\/www.kaelte-beratung.de\\\/en#\\\/schema\\\/logo\\\/image\\\/\"}}]}<\/script>\n<!-- \/ Yoast SEO plugin. -->","yoast_head_json":{"title":"Media and portals - KB Kaelteberatung","description":"Hier finden Sie die Links zu den wichtigsten Branchenportalen, Fachmedien und Fachzeitschriften - damit Sie immer auf dem Laufenden sind!","robots":{"index":"index","follow":"follow","max-snippet":"max-snippet:-1","max-image-preview":"max-image-preview:large","max-video-preview":"max-video-preview:-1"},"canonical":"https:\/\/www.kaelte-beratung.de\/en\/media-and-portals","og_locale":"en_US","og_type":"article","og_title":"Fachmedien & Onlineportale \/ KB K\u00e4lteberatung","og_description":"Hier finden Sie die Links zu den wichtigsten Branchenportalen, Fachmedien und Fachzeitschriften - damit Sie immer auf dem Laufenden sind!","og_url":"https:\/\/www.kaelte-beratung.de\/en\/media-and-portals","og_site_name":"KB Kaelteberatung","article_modified_time":"2023-11-06T13:46:21+00:00","og_image":[{"width":1920,"height":1100,"url":"https:\/\/www.kaelte-beratung.de\/wp-content\/uploads\/2022\/12\/kb-slider-organe-2.jpg","type":"image\/jpeg"}],"twitter_card":"summary_large_image","twitter_title":"Fachmedien & Onlineportale \/ KB K\u00e4lteberatung","twitter_description":"Hier finden Sie die Links zu den wichtigsten Branchenportalen, Fachmedien und Fachzeitschriften - damit Sie immer auf dem Laufenden sind!","twitter_image":"https:\/\/www.kaelte-beratung.de\/wp-content\/uploads\/2022\/12\/kb-slider-organe-2.jpg","twitter_misc":{"Est. reading time":"1 minute"},"schema":{"@context":"https:\/\/schema.org","@graph":[{"@type":"WebPage","@id":"https:\/\/www.kaelte-beratung.de\/en\/media-and-portals","url":"https:\/\/www.kaelte-beratung.de\/en\/media-and-portals","name":"Media and portals - KB Kaelteberatung","isPartOf":{"@id":"https:\/\/www.kaelte-beratung.de\/en#website"},"primaryImageOfPage":{"@id":"https:\/\/www.kaelte-beratung.de\/en\/media-and-portals#primaryimage"},"image":{"@id":"https:\/\/www.kaelte-beratung.de\/en\/media-and-portals#primaryimage"},"thumbnailUrl":"https:\/\/www.kaelte-beratung.de\/wp-content\/uploads\/2022\/12\/kb-slider-fachmedien.jpg","datePublished":"2022-12-15T14:02:12+00:00","dateModified":"2023-11-06T13:46:21+00:00","description":"Hier finden Sie die Links zu den wichtigsten Branchenportalen, Fachmedien und Fachzeitschriften - damit Sie immer auf dem Laufenden sind!","breadcrumb":{"@id":"https:\/\/www.kaelte-beratung.de\/en\/media-and-portals#breadcrumb"},"inLanguage":"en-US","potentialAction":[{"@type":"ReadAction","target":["https:\/\/www.kaelte-beratung.de\/en\/media-and-portals"]}]},{"@type":"ImageObject","inLanguage":"en-US","@id":"https:\/\/www.kaelte-beratung.de\/en\/media-and-portals#primaryimage","url":"https:\/\/www.kaelte-beratung.de\/wp-content\/uploads\/2022\/12\/kb-slider-fachmedien.jpg","contentUrl":"https:\/\/www.kaelte-beratung.de\/wp-content\/uploads\/2022\/12\/kb-slider-fachmedien.jpg","width":1920,"height":1100,"caption":"KB - K\u00e4lteberatung"},{"@type":"BreadcrumbList","@id":"https:\/\/www.kaelte-beratung.de\/en\/media-and-portals#breadcrumb","itemListElement":[{"@type":"ListItem","position":1,"name":"Startseite","item":"https:\/\/www.kaelte-beratung.de\/en"},{"@type":"ListItem","position":2,"name":"Media and portals"}]},{"@type":"WebSite","@id":"https:\/\/www.kaelte-beratung.de\/en#website","url":"https:\/\/www.kaelte-beratung.de\/en","name":"KB Kaelteberatung","description":"nachhaltig planen","publisher":{"@id":"https:\/\/www.kaelte-beratung.de\/en#organization"},"potentialAction":[{"@type":"SearchAction","target":{"@type":"EntryPoint","urlTemplate":"https:\/\/www.kaelte-beratung.de\/en?s={search_term_string}"},"query-input":{"@type":"PropertyValueSpecification","valueRequired":true,"valueName":"search_term_string"}}],"inLanguage":"en-US"},{"@type":"Organization","@id":"https:\/\/www.kaelte-beratung.de\/en#organization","name":"KB Kaelteberatung","url":"https:\/\/www.kaelte-beratung.de\/en","logo":{"@type":"ImageObject","inLanguage":"en-US","@id":"https:\/\/www.kaelte-beratung.de\/en#\/schema\/logo\/image\/","url":"https:\/\/www.kaelte-beratung.de\/wp-content\/uploads\/2022\/08\/cropped-kb-logo.png","contentUrl":"https:\/\/www.kaelte-beratung.de\/wp-content\/uploads\/2022\/08\/cropped-kb-logo.png","width":1464,"height":512,"caption":"KB Kaelteberatung"},"image":{"@id":"https:\/\/www.kaelte-beratung.de\/en#\/schema\/logo\/image\/"}}]}},"_links":{"self":[{"href":"https:\/\/www.kaelte-beratung.de\/en\/wp-json\/wp\/v2\/pages\/7748","targetHints":{"allow":["GET"]}}],"collection":[{"href":"https:\/\/www.kaelte-beratung.de\/en\/wp-json\/wp\/v2\/pages"}],"about":[{"href":"https:\/\/www.kaelte-beratung.de\/en\/wp-json\/wp\/v2\/types\/page"}],"author":[{"embeddable":true,"href":"https:\/\/www.kaelte-beratung.de\/en\/wp-json\/wp\/v2\/users\/1"}],"replies":[{"embeddable":true,"href":"https:\/\/www.kaelte-beratung.de\/en\/wp-json\/wp\/v2\/comments?post=7748"}],"version-history":[{"count":31,"href":"https:\/\/www.kaelte-beratung.de\/en\/wp-json\/wp\/v2\/pages\/7748\/revisions"}],"predecessor-version":[{"id":8169,"href":"https:\/\/www.kaelte-beratung.de\/en\/wp-json\/wp\/v2\/pages\/7748\/revisions\/8169"}],"wp:featuredmedia":[{"embeddable":true,"href":"https:\/\/www.kaelte-beratung.de\/en\/wp-json\/wp\/v2\/media\/7329"}],"wp:attachment":[{"href":"https:\/\/www.kaelte-beratung.de\/en\/wp-json\/wp\/v2\/media?parent=7748"}],"curies":[{"name":"wp","href":"https:\/\/api.w.org\/{rel}","templated":true}]}}